{"id":76,"date":"2021-05-02T15:23:12","date_gmt":"2021-05-02T13:23:12","guid":{"rendered":"https:\/\/heidrun.test\/impressum\/"},"modified":"2021-05-12T10:42:39","modified_gmt":"2021-05-12T08:42:39","slug":"imprint","status":"publish","type":"page","link":"https:\/\/heidrunbuehre-coaching.de\/en\/imprint\/","title":{"rendered":"Imprint"},"content":{"rendered":"<section class=\"wpb-content-wrapper\"><p>[vc_row][vc_column][vc_column_text]<\/p>\n<h1 class=\"p1\">Imprint<\/h1>\n<p class=\"p2\">Heidrun B\u00fchre<br \/>\nHochsitzweg 41<br \/>\n14169 Berlin<\/p>\n<p class=\"p2\">0049-1778529130<\/p>\n<p class=\"p4\">Steuernummer 25\/396\/60945<\/p>\n<p class=\"p5\"><span class=\"s1\"><a href=\"mailto:hello@heidrunbuehre.de\"><b>hello@heidrunbuehre.de<\/b><\/a><br \/>\n<\/span><span class=\"s1\"><a href=\"http:\/\/www.heidrunbuehre-coaching.de\/\"><b>www.heidrunbuehre-coaching.de<\/b><\/a><\/span><\/p>\n<p class=\"p7\">Gestaltung:<br \/>\n<a href=\"https:\/\/www.sandratreisbach.com\/\">Sandra Treisbach<\/a><\/p>\n<p class=\"p7\">Entwicklung:<br \/>\n<a href=\"https:\/\/viableart.com\/\">ViableArt<\/a><\/p>\n<p class=\"p7\"><strong>Haftung f\u00fcr Inhalte<\/strong><br \/>\nDie Inhalte unserer Seiten wurden mit gr\u00f6\u00dfter Sorgfalt erstellt. F\u00fcr die Richtigkeit, Vollst\u00e4ndigkeit und Aktualit\u00e4t der Inhalte k\u00f6nnen wir jedoch keine Gew\u00e4hr \u00fcbernehmen.<\/p>\n<p class=\"p9\">Als Diensteanbieter sind wir gem\u00e4\u00df \u00a7 7 Abs.1 TMG f\u00fcr eigene Inhalte auf diesen Seiten nach den allgemeinen Gesetzen verantwortlich. Nach \u00a7\u00a7 8 bis 10 TMG sind wir als Diensteanbieter jedoch nicht verpflichtet, \u00fcbermittelte oder gespeicherte fremde Informationen zu \u00fcberwachen oder nach Umst\u00e4nden zu forschen, die auf eine rechtswidrige T\u00e4tigkeit hinweisen. Verpflichtungen zur Entfernung oder Sperrung der Nutzung von Informationen nach den allgemeinen Gesetzen bleiben hiervon unber\u00fchrt. Eine diesbez\u00fcgliche Haftung ist jedoch erst ab dem Zeitpunkt der Kenntnis einer konkreten Rechtsverletzung m\u00f6glich. Bei bekannt werden von entsprechenden Rechtsverletzungen werden wir diese Inhalte umgehend entfernen.<\/p>\n<p class=\"p7\"><strong>Urheberrecht<\/strong><br \/>\nDie durch die Seitenbetreiber erstellten Inhalte und Werke auf diesen Seiten unterliegen dem deutschen Urheberrecht. Die Vervielf\u00e4ltigung, Bearbeitung, Verbreitung und jede Art der Verwertung au\u00dferhalb der Grenzen des Urheberrechtes bed\u00fcrfen der schriftlichen Zustimmung des jeweiligen Autors bzw. Erstellers. Downloads und Kopien dieser Seite sind nur f\u00fcr den privaten, nicht kommerziellen Gebrauch gestattet.<\/p>\n<p class=\"p9\">Die Betreiber der Seiten sind bem\u00fcht, stets die Urheberrechte anderer zu beachten bzw. auf selbst erstellte sowie lizenzfreie Werke zur\u00fcckzugreifen.<\/p>\n<p>[\/vc_column_text][\/vc_column][\/vc_row]<\/p>\n<\/section>","protected":false},"excerpt":{"rendered":"<p>[vc_row][vc_column][vc_column_text] Imprint Heidrun B\u00fchre Hochsitzweg 41 14169 Berlin 0049-1778529130 Steuernummer 25\/396\/60945 hello@heidrunbuehre.de www.heidrunbuehre-coaching.de Gestaltung: Sandra Treisbach Entwicklung: ViableArt Haftung f\u00fcr Inhalte Die Inhalte unserer Seiten wurden mit gr\u00f6\u00dfter Sorgfalt erstellt. F\u00fcr die Richtigkeit, Vollst\u00e4ndigkeit und Aktualit\u00e4t der Inhalte k\u00f6nnen wir jedoch keine Gew\u00e4hr \u00fcbernehmen. Als Diensteanbieter sind wir gem\u00e4\u00df \u00a7 7 Abs.1 TMG f\u00fcr eigene [&hellip;]<\/p>\n","protected":false},"author":1,"featured_media":0,"parent":0,"menu_order":0,"comment_status":"closed","ping_status":"closed","template":"","meta":{"footnotes":""},"class_list":["post-76","page","type-page","status-publish","hentry"],"_links":{"self":[{"href":"https:\/\/heidrunbuehre-coaching.de\/en\/wp-json\/wp\/v2\/pages\/76","targetHints":{"allow":["GET"]}}],"collection":[{"href":"https:\/\/heidrunbuehre-coaching.de\/en\/wp-json\/wp\/v2\/pages"}],"about":[{"href":"https:\/\/heidrunbuehre-coaching.de\/en\/wp-json\/wp\/v2\/types\/page"}],"author":[{"embeddable":true,"href":"https:\/\/heidrunbuehre-coaching.de\/en\/wp-json\/wp\/v2\/users\/1"}],"replies":[{"embeddable":true,"href":"https:\/\/heidrunbuehre-coaching.de\/en\/wp-json\/wp\/v2\/comments?post=76"}],"version-history":[{"count":3,"href":"https:\/\/heidrunbuehre-coaching.de\/en\/wp-json\/wp\/v2\/pages\/76\/revisions"}],"predecessor-version":[{"id":80,"href":"https:\/\/heidrunbuehre-coaching.de\/en\/wp-json\/wp\/v2\/pages\/76\/revisions\/80"}],"wp:attachment":[{"href":"https:\/\/heidrunbuehre-coaching.de\/en\/wp-json\/wp\/v2\/media?parent=76"}],"curies":[{"name":"wp","href":"https:\/\/api.w.org\/{rel}","templated":true}]}}